{"id":183,"date":"2020-03-13T12:06:26","date_gmt":"2020-03-13T18:06:26","guid":{"rendered":"http:\/\/panedomex.org\/transparencia\/?page_id=183"},"modified":"2020-03-13T12:06:26","modified_gmt":"2020-03-13T18:06:26","slug":"inicia-sesion","status":"publish","type":"page","link":"http:\/\/panedomex.org\/transparencia\/inicia-sesion\/","title":{"rendered":"Inicia Sesi\u00f3n"},"content":{"rendered":"<form name=\"loginform\" id=\"loginform\" action=\"http:\/\/panedomex.org\/transparencia\/wp-login.php\" method=\"post\"><p class=\"login-username\">\n\t\t\t\t<label for=\"user_login\">Nombre de usuario o direcci\u00f3n de correo<\/label>\n\t\t\t\t<input type=\"text\" name=\"log\" id=\"user_login\" class=\"input\" value=\"\" size=\"20\" \/>\n\t\t\t<\/p><p class=\"login-password\">\n\t\t\t\t<label for=\"user_pass\">Contrase\u00f1a<\/label>\n\t\t\t\t<input type=\"password\" name=\"pwd\" id=\"user_pass\" class=\"input\" value=\"\" size=\"20\" \/>\n\t\t\t<\/p><p class=\"login-remember\"><label><input name=\"rememberme\" type=\"checkbox\" id=\"rememberme\" value=\"forever\" \/> Recu\u00e9rdame<\/label><\/p><p class=\"login-submit\">\n\t\t\t\t<input type=\"submit\" name=\"wp-submit\" id=\"wp-submit\" class=\"button button-primary\" value=\"Acceder\" \/>\n\t\t\t\t<input type=\"hidden\" name=\"redirect_to\" value=\"http:\/\/panedomex.org\/transparencia\/wp-admin\/post-new.php\" \/>\n\t\t\t<\/p><\/form><a href=\"http:\/\/panedomex.org\/transparencia\/wp-login.php?action=lostpassword\">Lost your password?<\/a>\n","protected":false},"excerpt":{"rendered":"Nombre de usuario o direcci\u00f3n de correo Contrase\u00f1a Recu\u00e9rdame Lost your password?","protected":false},"author":3,"featured_media":0,"parent":0,"menu_order":0,"comment_status":"closed","ping_status":"closed","template":"","meta":[],"_links":{"self":[{"href":"http:\/\/panedomex.org\/transparencia\/wp-json\/wp\/v2\/pages\/183"}],"collection":[{"href":"http:\/\/panedomex.org\/transparencia\/wp-json\/wp\/v2\/pages"}],"about":[{"href":"http:\/\/panedomex.org\/transparencia\/wp-json\/wp\/v2\/types\/page"}],"author":[{"embeddable":true,"href":"http:\/\/panedomex.org\/transparencia\/wp-json\/wp\/v2\/users\/3"}],"replies":[{"embeddable":true,"href":"http:\/\/panedomex.org\/transparencia\/wp-json\/wp\/v2\/comments?post=183"}],"version-history":[{"count":1,"href":"http:\/\/panedomex.org\/transparencia\/wp-json\/wp\/v2\/pages\/183\/revisions"}],"predecessor-version":[{"id":184,"href":"http:\/\/panedomex.org\/transparencia\/wp-json\/wp\/v2\/pages\/183\/revisions\/184"}],"wp:attachment":[{"href":"http:\/\/panedomex.org\/transparencia\/wp-json\/wp\/v2\/media?parent=183"}],"curies":[{"name":"wp","href":"https:\/\/api.w.org\/{rel}","templated":true}]}}